{"id":170,"date":"2020-12-31T20:44:31","date_gmt":"2020-12-31T20:44:31","guid":{"rendered":"http:\/\/s855384390.online.de\/?page_id=170"},"modified":"2025-05-06T19:40:53","modified_gmt":"2025-05-06T19:40:53","slug":"industriemontagen","status":"publish","type":"page","link":"https:\/\/industrieservice-schmelzer.de\/?page_id=170","title":{"rendered":"Industriemontagen"},"content":{"rendered":"\t\t<div data-elementor-type=\"wp-page\" data-elementor-id=\"170\" class=\"elementor elementor-170\" data-elementor-post-type=\"page\">\n\t\t\t\t\t\t<section class=\"elementor-section elementor-top-section elementor-element elementor-element-8581f9e elementor-section-full_width elementor-section-height-default elementor-section-height-default\" data-id=\"8581f9e\" data-element_type=\"section\">\n\t\t\t\t\t\t<div class=\"elementor-container elementor-column-gap-no\">\n\t\t\t\t\t<div class=\"elementor-column elementor-col-100 elementor-top-column elementor-element elementor-element-fc6fd73\" data-id=\"fc6fd73\" data-element_type=\"column\">\n\t\t\t<div class=\"elementor-widget-wrap elementor-element-populated\">\n\t\t\t\t\t\t<div class=\"elementor-element elementor-element-52ea7e5 elementor--h-position-center elementor--v-position-middle elementor-arrows-position-inside elementor-pagination-position-inside elementor-widget elementor-widget-slides\" data-id=\"52ea7e5\" data-element_type=\"widget\" data-settings=\"{&quot;transition&quot;:&quot;fade&quot;,&quot;navigation&quot;:&quot;both&quot;,&quot;autoplay&quot;:&quot;yes&quot;,&quot;pause_on_interaction&quot;:&quot;yes&quot;,&quot;autoplay_speed&quot;:5000,&quot;infinite&quot;:&quot;yes&quot;,&quot;transition_speed&quot;:500}\" data-widget_type=\"slides.default\">\n\t\t\t\t<div class=\"elementor-widget-container\">\n\t\t\t\t\t\t\t\t\t<div class=\"elementor-swiper\">\n\t\t\t\t\t<div class=\"elementor-slides-wrapper elementor-main-swiper swiper\" role=\"region\" aria-roledescription=\"carousel\" aria-label=\"Slides\" dir=\"ltr\" data-animation=\"fadeInUp\">\n\t\t\t\t<div class=\"swiper-wrapper elementor-slides\">\n\t\t\t\t\t\t\t\t\t\t<div class=\"elementor-repeater-item-297c670 swiper-slide\" role=\"group\" aria-roledescription=\"slide\"><div class=\"swiper-slide-bg elementor-ken-burns elementor-ken-burns--in\" role=\"img\"><\/div><div class=\"elementor-background-overlay\"><\/div><div class=\"swiper-slide-inner\" ><div class=\"swiper-slide-contents\"><div class=\"elementor-slide-heading\">Der Schwerpunkt unserer Dienstleistungen liegt auf dem  Sektor der Industriemontagen <\/div><\/div><\/div><\/div>\t\t\t\t<\/div>\n\t\t\t\t\t\t\t<\/div>\n\t\t\t\t<\/div>\n\t\t\t\t\t\t\t\t<\/div>\n\t\t\t\t<\/div>\n\t\t\t\t\t<\/div>\n\t\t<\/div>\n\t\t\t\t\t<\/div>\n\t\t<\/section>\n\t\t\t\t<section class=\"elementor-section elementor-top-section elementor-element elementor-element-16180eeb elementor-section-content-middle elementor-section-boxed elementor-section-height-default elementor-section-height-default\" data-id=\"16180eeb\" data-element_type=\"section\">\n\t\t\t\t\t\t<div class=\"elementor-container elementor-column-gap-no\">\n\t\t\t\t\t<div class=\"elementor-column elementor-col-50 elementor-top-column elementor-element elementor-element-6306919f\" data-id=\"6306919f\" data-element_type=\"column\">\n\t\t\t<div class=\"elementor-widget-wrap elementor-element-populated\">\n\t\t\t\t\t\t<div class=\"elementor-element elementor-element-7d13cff4 elementor-view-default elementor-widget elementor-widget-icon\" data-id=\"7d13cff4\" data-element_type=\"widget\" data-widget_type=\"icon.default\">\n\t\t\t\t<div class=\"elementor-widget-container\">\n\t\t\t\t\t\t\t<div class=\"elementor-icon-wrapper\">\n\t\t\t<div class=\"elementor-icon\">\n\t\t\t<i aria-hidden=\"true\" class=\"fas fa-quote-left\"><\/i>\t\t\t<\/div>\n\t\t<\/div>\n\t\t\t\t\t\t<\/div>\n\t\t\t\t<\/div>\n\t\t\t\t<div class=\"elementor-element elementor-element-942eb2c elementor-widget elementor-widget-heading\" data-id=\"942eb2c\" data-element_type=\"widget\" data-widget_type=\"heading.default\">\n\t\t\t\t<div class=\"elementor-widget-container\">\n\t\t\t\t\t<h3 class=\"elementor-heading-title elementor-size-default\">Industriemontagen<\/h3>\t\t\t\t<\/div>\n\t\t\t\t<\/div>\n\t\t\t\t<div class=\"elementor-element elementor-element-4f3170e elementor-invisible elementor-widget elementor-widget-text-editor\" data-id=\"4f3170e\" data-element_type=\"widget\" data-settings=\"{&quot;_animation&quot;:&quot;fadeInUp&quot;,&quot;_animation_delay&quot;:100}\" data-widget_type=\"text-editor.default\">\n\t\t\t\t<div class=\"elementor-widget-container\">\n\t\t\t\t\t\t\t\t\t<p>Hierzu z\u00e4hlen vor allem Montagen, Demontagen, Umbauten und Optimierungen von bestehenden Industrieanlagen aus den Bereichen der chemischen Industrie, sowie der Automobil-, Lebensmittel- und Getr\u00e4nkeindustrie. Einen weiteren Schwerpunkt unserer Arbeit bildet die Installation von Abluftanlagen jeglicher Art.<\/p><p>Der Umfang der Arbeiten reicht vom Apparate- und Beh\u00e4lterbau \u00fcber den Stahl- und Rohrleitungsbau in zahlreichen Werkstoffen bis hin zur modernen F\u00f6rdertechnik. Auch die Installation von Filteranlagen mitsamt Ventilatoren und Rohrsystemen geh\u00f6rt seit vielen Jahren zu unseren Hauptaufgaben. Ebenso der Service an diesen Anlagen.<\/p><p>Aber auch die Herstellung und Entwicklung neuer Anlagen nach Kundenspezifikation oder eigenen Entwicklungen, sowie deren Wartung und Instandhaltung, geh\u00f6rt zu unserem Kerngesch\u00e4ft.<\/p><p>Gerne stellen wir auch die Baustellenaufsicht und -leitung f\u00fcr Ihre Projekte mit einem hohen Ma\u00df an Koordinaten und enger Abstimmung mit dem Kunden. Die hohe Qualit\u00e4t unserer Ausf\u00fchrungen basiert vor allem auf dem Einsatz leistungsf\u00e4higer und erfahrener Facharbeiter der verschiedenen Fachrichtungen und moderner Betriebsausstattung.<\/p>\t\t\t\t\t\t\t\t<\/div>\n\t\t\t\t<\/div>\n\t\t\t\t\t<\/div>\n\t\t<\/div>\n\t\t\t\t<div class=\"elementor-column elementor-col-50 elementor-top-column elementor-element elementor-element-321e67cc\" data-id=\"321e67cc\" data-element_type=\"column\">\n\t\t\t<div class=\"elementor-widget-wrap elementor-element-populated\">\n\t\t\t\t\t\t<div class=\"elementor-element elementor-element-83ec2dc elementor-widget elementor-widget-image-gallery\" data-id=\"83ec2dc\" data-element_type=\"widget\" data-widget_type=\"image-gallery.default\">\n\t\t\t\t<div class=\"elementor-widget-container\">\n\t\t\t\t\t\t\t<div class=\"elementor-image-gallery\">\n\t\t\t<div id='gallery-1' class='gallery galleryid-170 gallery-columns-2 gallery-size-medium_large'><figure class='gallery-item'>\n\t\t\t<div class='gallery-icon landscape'>\n\t\t\t\t<img fetchpriority=\"high\" decoding=\"async\" width=\"768\" height=\"576\" src=\"https:\/\/industrieservice-schmelzer.de\/wp-content\/uploads\/2021\/01\/Industriemontage7-768x576.jpg\" class=\"attachment-medium_large size-medium_large\" alt=\"\" srcset=\"https:\/\/industrieservice-schmelzer.de\/wp-content\/uploads\/2021\/01\/Industriemontage7-768x576.jpg 768w, https:\/\/industrieservice-schmelzer.de\/wp-content\/uploads\/2021\/01\/Industriemontage7-300x225.jpg 300w, https:\/\/industrieservice-schmelzer.de\/wp-content\/uploads\/2021\/01\/Industriemontage7-1024x768.jpg 1024w, https:\/\/industrieservice-schmelzer.de\/wp-content\/uploads\/2021\/01\/Industriemontage7-1536x1152.jpg 1536w, https:\/\/industrieservice-schmelzer.de\/wp-content\/uploads\/2021\/01\/Industriemontage7-2048x1536.jpg 2048w\" sizes=\"(max-width: 768px) 100vw, 768px\" \/>\n\t\t\t<\/div><\/figure><figure class='gallery-item'>\n\t\t\t<div class='gallery-icon landscape'>\n\t\t\t\t<img decoding=\"async\" width=\"768\" height=\"574\" src=\"https:\/\/industrieservice-schmelzer.de\/wp-content\/uploads\/2021\/01\/Industriemontage3-scaled-e1746560419505-768x574.jpg\" class=\"attachment-medium_large size-medium_large\" alt=\"\" srcset=\"https:\/\/industrieservice-schmelzer.de\/wp-content\/uploads\/2021\/01\/Industriemontage3-scaled-e1746560419505-768x574.jpg 768w, https:\/\/industrieservice-schmelzer.de\/wp-content\/uploads\/2021\/01\/Industriemontage3-scaled-e1746560419505-300x224.jpg 300w, https:\/\/industrieservice-schmelzer.de\/wp-content\/uploads\/2021\/01\/Industriemontage3-scaled-e1746560419505-1024x766.jpg 1024w, https:\/\/industrieservice-schmelzer.de\/wp-content\/uploads\/2021\/01\/Industriemontage3-scaled-e1746560419505-1536x1148.jpg 1536w, https:\/\/industrieservice-schmelzer.de\/wp-content\/uploads\/2021\/01\/Industriemontage3-scaled-e1746560419505-2048x1531.jpg 2048w\" sizes=\"(max-width: 768px) 100vw, 768px\" \/>\n\t\t\t<\/div><\/figure><figure class='gallery-item'>\n\t\t\t<div class='gallery-icon landscape'>\n\t\t\t\t<img decoding=\"async\" width=\"768\" height=\"511\" src=\"https:\/\/industrieservice-schmelzer.de\/wp-content\/uploads\/2021\/01\/Industriemontage2-768x511.jpg\" class=\"attachment-medium_large size-medium_large\" alt=\"\" srcset=\"https:\/\/industrieservice-schmelzer.de\/wp-content\/uploads\/2021\/01\/Industriemontage2-768x511.jpg 768w, https:\/\/industrieservice-schmelzer.de\/wp-content\/uploads\/2021\/01\/Industriemontage2-300x200.jpg 300w, https:\/\/industrieservice-schmelzer.de\/wp-content\/uploads\/2021\/01\/Industriemontage2-1024x681.jpg 1024w, https:\/\/industrieservice-schmelzer.de\/wp-content\/uploads\/2021\/01\/Industriemontage2-1536x1021.jpg 1536w, https:\/\/industrieservice-schmelzer.de\/wp-content\/uploads\/2021\/01\/Industriemontage2-2048x1362.jpg 2048w\" sizes=\"(max-width: 768px) 100vw, 768px\" \/>\n\t\t\t<\/div><\/figure><figure class='gallery-item'>\n\t\t\t<div class='gallery-icon landscape'>\n\t\t\t\t<img loading=\"lazy\" decoding=\"async\" width=\"768\" height=\"512\" src=\"https:\/\/industrieservice-schmelzer.de\/wp-content\/uploads\/2021\/01\/Industriemontage1-768x512.jpg\" class=\"attachment-medium_large size-medium_large\" alt=\"\" srcset=\"https:\/\/industrieservice-schmelzer.de\/wp-content\/uploads\/2021\/01\/Industriemontage1-768x512.jpg 768w, https:\/\/industrieservice-schmelzer.de\/wp-content\/uploads\/2021\/01\/Industriemontage1-300x200.jpg 300w, https:\/\/industrieservice-schmelzer.de\/wp-content\/uploads\/2021\/01\/Industriemontage1-1024x683.jpg 1024w, https:\/\/industrieservice-schmelzer.de\/wp-content\/uploads\/2021\/01\/Industriemontage1-1536x1024.jpg 1536w, https:\/\/industrieservice-schmelzer.de\/wp-content\/uploads\/2021\/01\/Industriemontage1-2048x1365.jpg 2048w\" sizes=\"(max-width: 768px) 100vw, 768px\" \/>\n\t\t\t<\/div><\/figure>\n\t\t<\/div>\n\t\t<\/div>\n\t\t\t\t\t\t<\/div>\n\t\t\t\t<\/div>\n\t\t\t\t\t<\/div>\n\t\t<\/div>\n\t\t\t\t\t<\/div>\n\t\t<\/section>\n\t\t\t\t<\/div>\n\t\t","protected":false},"excerpt":{"rendered":"<p>Der Schwerpunkt unserer Dienstleistungen liegt auf dem Sektor der Industriemontagen Industriemontagen Hierzu z\u00e4hlen vor allem Montagen, Demontagen, Umbauten und Optimierungen von bestehenden Industrieanlagen aus den Bereichen der chemischen Industrie, sowie der Automobil-, Lebensmittel- und Getr\u00e4nkeindustrie. Einen weiteren Schwerpunkt unserer Arbeit bildet die Installation von Abluftanlagen jeglicher Art. Der Umfang der Arbeiten reicht vom Apparate- und [&hellip;]<\/p>\n","protected":false},"author":1,"featured_media":0,"parent":0,"menu_order":0,"comment_status":"closed","ping_status":"closed","template":"","meta":{"footnotes":""},"class_list":["post-170","page","type-page","status-publish","hentry"],"_links":{"self":[{"href":"https:\/\/industrieservice-schmelzer.de\/index.php?rest_route=\/wp\/v2\/pages\/170","targetHints":{"allow":["GET"]}}],"collection":[{"href":"https:\/\/industrieservice-schmelzer.de\/index.php?rest_route=\/wp\/v2\/pages"}],"about":[{"href":"https:\/\/industrieservice-schmelzer.de\/index.php?rest_route=\/wp\/v2\/types\/page"}],"author":[{"embeddable":true,"href":"https:\/\/industrieservice-schmelzer.de\/index.php?rest_route=\/wp\/v2\/users\/1"}],"replies":[{"embeddable":true,"href":"https:\/\/industrieservice-schmelzer.de\/index.php?rest_route=%2Fwp%2Fv2%2Fcomments&post=170"}],"version-history":[{"count":37,"href":"https:\/\/industrieservice-schmelzer.de\/index.php?rest_route=\/wp\/v2\/pages\/170\/revisions"}],"predecessor-version":[{"id":463,"href":"https:\/\/industrieservice-schmelzer.de\/index.php?rest_route=\/wp\/v2\/pages\/170\/revisions\/463"}],"wp:attachment":[{"href":"https:\/\/industrieservice-schmelzer.de\/index.php?rest_route=%2Fwp%2Fv2%2Fmedia&parent=170"}],"curies":[{"name":"wp","href":"https:\/\/api.w.org\/{rel}","templated":true}]}}